{"id":37459,"date":"2024-02-13T17:26:55","date_gmt":"2024-02-13T17:26:55","guid":{"rendered":"https:\/\/thecashflowacademy.com\/?page_id=37459"},"modified":"2024-02-20T14:09:36","modified_gmt":"2024-02-20T14:09:36","slug":"rd-newsletter-video-lesson","status":"publish","type":"page","link":"https:\/\/thecashflowacademy.com\/es\/rd-newsletter-video-lesson\/","title":{"rendered":"Lecci\u00f3n de v\u00eddeo del Bolet\u00edn RD"},"content":{"rendered":"<p>[et_pb_section fb_built=&#8221;1&#8243; custom_padding_last_edited=&#8221;on|phone&#8221; _builder_version=&#8221;4.24.0&#8243; _module_preset=&#8221;default&#8221; use_background_color_gradient=&#8221;on&#8221; background_color_gradient_direction=&#8221;1deg&#8221; background_color_gradient_stops=&#8221;rgba(10,10,10,0.72) 0%|rgba(255,255,255,0) 100%&#8221; background_color_gradient_overlays_image=&#8221;on&#8221; background_image=&#8221;https:\/\/thecashflowacademy.com\/wp-content\/uploads\/2023\/05\/Group-89.jpg&#8221; custom_margin=&#8221;||||false|false&#8221; custom_margin_tablet=&#8221;-57px||||false|false&#8221; custom_margin_phone=&#8221;-62px||||false|false&#8221; custom_margin_last_edited=&#8221;off|desktop&#8221; custom_padding=&#8221;250px||50px||false|false&#8221; custom_padding_tablet=&#8221;200px||50px||false|false&#8221; custom_padding_phone=&#8221;150px||50px||false|false&#8221; bottom_divider_height=&#8221;50px&#8221; bottom_divider_flip=&#8221;horizontal&#8221; background_last_edited=&#8221;off|phone&#8221; use_background_color_gradient_phone=&#8221;on&#8221; background_color_gradient_stops_phone=&#8221;rgba(255,255,255,0) 0%|rgba(0,0,0,0.33) 100%&#8221; background_color_gradient_overlays_image_phone=&#8221;on&#8221; background_image_phone=&#8221;https:\/\/thecashflowacademy.com\/wp-content\/uploads\/2023\/05\/Frame-1.jpg&#8221; background_enable_image_phone=&#8221;on&#8221; parallax_phone=&#8221;off&#8221; da_disable_devices=&#8221;off|off|off&#8221; locked=&#8221;off&#8221; global_colors_info=&#8221;{}&#8221; da_is_popup=&#8221;off&#8221; da_exit_intent=&#8221;off&#8221; da_has_close=&#8221;on&#8221; da_alt_close=&#8221;off&#8221; da_dark_close=&#8221;off&#8221; da_not_modal=&#8221;on&#8221; da_is_singular=&#8221;off&#8221; da_with_loader=&#8221;off&#8221; da_has_shadow=&#8221;on&#8221;][et_pb_row use_custom_gutter=&#8221;on&#8221; gutter_width=&#8221;2&#8243; _builder_version=&#8221;4.24.0&#8243; _module_preset=&#8221;default&#8221; width_tablet=&#8221;&#8221; width_phone=&#8221;90%&#8221; width_last_edited=&#8221;on|phone&#8221; custom_margin=&#8221;||||false|false&#8221; custom_padding=&#8221;||||false|false&#8221; locked=&#8221;off&#8221; global_colors_info=&#8221;{}&#8221;][et_pb_column type=&#8221;4_4&#8243; _builder_version=&#8221;4.22.0&#8243; _module_preset=&#8221;default&#8221; custom_padding=&#8221;||||false|false&#8221; animation_style=&#8221;slide&#8221; animation_direction=&#8221;left&#8221; animation_intensity_slide=&#8221;9%&#8221; global_colors_info=&#8221;{}&#8221;][et_pb_text content_tablet=&#8221;<\/p>\n<h1>We make Investing Fun, Simple, and Real for you<\/h1>\n<p>&#8221; content_phone=&#8221;<\/p>\n<h1>We make Investing Fun, Simple, and Real for you<\/h1>\n<p>&#8221; content_last_edited=&#8221;off|desktop&#8221; _builder_version=&#8221;4.24.0&#8243; _module_preset=&#8221;default&#8221; text_text_color=&#8221;gcid-5ea38fa2-caec-46bb-a3ae-ed91a4d8781e&#8221; header_font=&#8221;Poppins|800||on|||||&#8221; header_text_align=&#8221;left&#8221; header_text_color=&#8221;#FFFFFF&#8221; header_font_size=&#8221;70px&#8221; header_letter_spacing=&#8221;-1px&#8221; header_3_font=&#8221;|600|||||||&#8221; header_3_text_align=&#8221;left&#8221; header_3_text_color=&#8221;#FFFFFF&#8221; header_3_font_size=&#8221;24px&#8221; text_orientation=&#8221;center&#8221; custom_margin=&#8221;||0px||false|false&#8221; header_font_size_tablet=&#8221;60px&#8221; header_font_size_phone=&#8221;50px&#8221; header_font_size_last_edited=&#8221;on|phone&#8221; locked=&#8221;off&#8221; global_colors_info=&#8221;{%22gcid-5ea38fa2-caec-46bb-a3ae-ed91a4d8781e%22:%91%22text_text_color%22%93}&#8221;]<\/p>\n<h3>TIME-SENSITIVE INFORMATION \u2013 WATCH IMMEDIATELY<br \/>\nFROM RICH DAD EXPERT ANDY TANNER<\/h3>\n<p>[\/et_pb_text][et_pb_text content_tablet=&#8221;<\/p>\n<h1>We make Investing Fun, Simple, and Real for you<\/h1>\n<p>&#8221; content_phone=&#8221;<\/p>\n<h1>We make Investing Fun, Simple, and Real for you<\/h1>\n<p>&#8221; content_last_edited=&#8221;on|tablet&#8221; _builder_version=&#8221;4.24.0&#8243; _module_preset=&#8221;default&#8221; text_text_color=&#8221;#FFFFFF&#8221; header_font=&#8221;Poppins||||||||&#8221; header_text_color=&#8221;#FFFFFF&#8221; header_letter_spacing=&#8221;-1px&#8221; custom_margin=&#8221;||10px||false|false&#8221; custom_margin_tablet=&#8221;20px||10px||false|false&#8221; custom_margin_phone=&#8221;17px||||false|false&#8221; custom_margin_last_edited=&#8221;on|phone&#8221; header_font_size_tablet=&#8221;35px&#8221; header_font_size_phone=&#8221;28px&#8221; header_font_size_last_edited=&#8221;on|phone&#8221; global_colors_info=&#8221;{}&#8221;]<\/p>\n<h1>Here's Your Free Video Training with a<br \/>New Cash Flow Stock Strategy<\/h1>\n<p>[\/et_pb_text][\/et_pb_column][\/et_pb_row][\/et_pb_section][et_pb_section fb_built=&#8221;1&#8243; custom_padding_last_edited=&#8221;on|tablet&#8221; _builder_version=&#8221;4.24.0&#8243; _module_preset=&#8221;default&#8221; custom_padding=&#8221;55px||||false|false&#8221; custom_padding_tablet=&#8221;65px||0px||false|false&#8221; custom_padding_phone=&#8221;65px||0px||false|false&#8221; da_disable_devices=&#8221;off|off|off&#8221; global_colors_info=&#8221;{}&#8221; da_is_popup=&#8221;off&#8221; da_exit_intent=&#8221;off&#8221; da_has_close=&#8221;on&#8221; da_alt_close=&#8221;off&#8221; da_dark_close=&#8221;off&#8221; da_not_modal=&#8221;on&#8221; da_is_singular=&#8221;off&#8221; da_with_loader=&#8221;off&#8221; da_has_shadow=&#8221;on&#8221;][et_pb_row column_structure=&#8221;1_2,1_2&#8243; module_class=&#8221;reverse&#8221; _builder_version=&#8221;4.24.0&#8243; _module_preset=&#8221;default&#8221; global_colors_info=&#8221;{}&#8221;][et_pb_column type=&#8221;1_2&#8243; _builder_version=&#8221;4.24.0&#8243; _module_preset=&#8221;default&#8221; global_colors_info=&#8221;{}&#8221;][et_pb_text _builder_version=&#8221;4.24.0&#8243; _module_preset=&#8221;default&#8221; text_font=&#8221;||||||||&#8221; text_font_size=&#8221;22px&#8221; text_line_height=&#8221;1.3em&#8221; header_2_font=&#8221;Poppins|500|||||||&#8221; header_2_text_color=&#8221;#000000&#8243; header_2_font_size=&#8221;27px&#8221; header_2_letter_spacing=&#8221;-1px&#8221; header_2_line_height=&#8221;1.2em&#8221; custom_margin=&#8221;70px||20px||false|false&#8221; custom_margin_tablet=&#8221;40px||20px||false|false&#8221; custom_margin_phone=&#8221;35px||20px||false|false&#8221; custom_margin_last_edited=&#8221;on|phone&#8221; custom_padding_tablet=&#8221;&#8221; custom_padding_phone=&#8221;||||false|false&#8221; custom_padding_last_edited=&#8221;on|phone&#8221; text_font_size_tablet=&#8221;22px&#8221; text_font_size_phone=&#8221;20px&#8221; text_font_size_last_edited=&#8221;on|phone&#8221; header_2_font_tablet=&#8221;Montserrat||||||||&#8221; header_2_font_phone=&#8221;Montserrat|700|||||||&#8221; header_2_font_last_edited=&#8221;on|phone&#8221; header_2_font_size_tablet=&#8221;28px&#8221; header_2_font_size_phone=&#8221;26px&#8221; header_2_font_size_last_edited=&#8221;on|tablet&#8221; locked=&#8221;off&#8221; global_colors_info=&#8221;{}&#8221;]<\/p>\n<p>If you enjoyed this brief lesson, you can now get Andy\u2019s NEW BOOK\u2014wherein you\u2019ll find even more information about this powerful new concept that can transform your life now and in retirement\u2014FREE for a limited time.<\/p>\n<p>[\/et_pb_text][\/et_pb_column][et_pb_column type=&#8221;1_2&#8243; _builder_version=&#8221;4.24.0&#8243; _module_preset=&#8221;default&#8221; global_colors_info=&#8221;{}&#8221;][et_pb_code disabled_on=&#8221;on|on|on&#8221; _builder_version=&#8221;4.24.0&#8243; _module_preset=&#8221;default&#8221; border_radii=&#8221;on|20px|20px|20px|20px&#8221; disabled=&#8221;on&#8221; locked=&#8221;off&#8221; global_colors_info=&#8221;{}&#8221;]<\/p>\n<div style=\"position:relative;\"><iframe src=\"https:\/\/player.vimeo.com\/video\/855097772?color&#038;autopause=0&#038;loop=0&#038;muted=0&#038;title=1&#038;portrait=1&#038;byline=1&#038;h=5142b642c4#t=\" frameborder=\"0\" allow=\"autoplay; fullscreen; picture-in-picture\" style=\"position:absolute;top:0;left:0;width:100%;height:350px;\" title=\"TCFA Home Page Intro Video Final Dec 2023\"><\/iframe><\/div>\n<p><script src=\"https:\/\/player.vimeo.com\/api\/player.js\"><\/script><!-- [et_pb_line_break_holder] -->[\/et_pb_code][et_pb_video src=&#8221;https:\/\/player.vimeo.com\/video\/855097772&#8243; _builder_version=&#8221;4.24.0&#8243; _module_preset=&#8221;default&#8221; border_radii=&#8221;on|15px|15px|15px|15px&#8221; locked=&#8221;off&#8221; global_colors_info=&#8221;{}&#8221;][\/et_pb_video][\/et_pb_column][\/et_pb_row][\/et_pb_section][et_pb_section fb_built=&#8221;1&#8243; custom_padding_last_edited=&#8221;on|phone&#8221; _builder_version=&#8221;4.24.0&#8243; _module_preset=&#8221;default&#8221; background_color=&#8221;gcid-632b4534-f60a-43c5-b43d-f7358ddcba30&#8243; custom_padding=&#8221;10px||||false|false&#8221; custom_padding_tablet=&#8221;10px||||false|false&#8221; custom_padding_phone=&#8221;20px||||false|false&#8221; da_disable_devices=&#8221;off|off|off&#8221; global_colors_info=&#8221;{%22gcid-632b4534-f60a-43c5-b43d-f7358ddcba30%22:%91%22background_color%22%93}&#8221; da_is_popup=&#8221;off&#8221; da_exit_intent=&#8221;off&#8221; da_has_close=&#8221;on&#8221; da_alt_close=&#8221;off&#8221; da_dark_close=&#8221;off&#8221; da_not_modal=&#8221;on&#8221; da_is_singular=&#8221;off&#8221; da_with_loader=&#8221;off&#8221; da_has_shadow=&#8221;on&#8221;][et_pb_row column_structure=&#8221;1_2,1_2&#8243; _builder_version=&#8221;4.24.0&#8243; _module_preset=&#8221;default&#8221; custom_margin=&#8221;85px||||false|false&#8221; custom_margin_tablet=&#8221;20px||||false|false&#8221; custom_margin_phone=&#8221;10px||||false|false&#8221; custom_margin_last_edited=&#8221;on|phone&#8221; global_colors_info=&#8221;{}&#8221;][et_pb_column type=&#8221;1_2&#8243; _builder_version=&#8221;4.24.0&#8243; _module_preset=&#8221;default&#8221; global_colors_info=&#8221;{}&#8221;][et_pb_image src=&#8221;https:\/\/thecashflowacademy.com\/wp-content\/uploads\/2024\/02\/Powerof6-V2BookCover.png&#8221; title_text=&#8221;Powerof6-V2BookCover&#8221; align=&#8221;center&#8221; _builder_version=&#8221;4.24.0&#8243; _module_preset=&#8221;default&#8221; width=&#8221;50%&#8221; width_tablet=&#8221;25%&#8221; width_phone=&#8221;50%&#8221; width_last_edited=&#8221;on|tablet&#8221; global_colors_info=&#8221;{}&#8221;][\/et_pb_image][\/et_pb_column][et_pb_column type=&#8221;1_2&#8243; _builder_version=&#8221;4.24.0&#8243; _module_preset=&#8221;default&#8221; global_colors_info=&#8221;{}&#8221;][et_pb_text _builder_version=&#8221;4.24.0&#8243; _module_preset=&#8221;default&#8221; header_2_font=&#8221;Poppins|700|||||||&#8221; header_2_text_color=&#8221;#000000&#8243; header_2_font_size=&#8221;32px&#8221; header_2_letter_spacing=&#8221;-1px&#8221; header_2_line_height=&#8221;1.2em&#8221; custom_margin=&#8221;||20px||false|false&#8221; custom_padding_tablet=&#8221;&#8221; custom_padding_phone=&#8221;||||false|false&#8221; custom_padding_last_edited=&#8221;on|phone&#8221; header_2_font_tablet=&#8221;Montserrat||||||||&#8221; header_2_font_phone=&#8221;Montserrat|700|||||||&#8221; header_2_font_last_edited=&#8221;on|phone&#8221; header_2_font_size_tablet=&#8221;28px&#8221; header_2_font_size_phone=&#8221;26px&#8221; header_2_font_size_last_edited=&#8221;on|tablet&#8221; locked=&#8221;off&#8221; global_colors_info=&#8221;{}&#8221;]<\/p>\n<h2>How a Billionaire's Basic Plan to Compound Wealth Can Unlock Your Retirement<\/h2>\n<p>[\/et_pb_text][et_pb_text _builder_version=&#8221;4.24.0&#8243; _module_preset=&#8221;default&#8221; text_font=&#8221;||||||||&#8221; text_line_height=&#8221;1.5em&#8221; custom_margin=&#8221;||40px||false|false&#8221; custom_margin_tablet=&#8221;||40px||false|false&#8221; custom_margin_phone=&#8221;||20px||false|false&#8221; custom_margin_last_edited=&#8221;on|phone&#8221; hover_enabled=&#8221;0&#8243; text_font_size_tablet=&#8221;17px&#8221; text_font_size_phone=&#8221;15px&#8221; text_font_size_last_edited=&#8221;on|tablet&#8221; custom_css_main_element=&#8221;font-size: clamp(17px, 1vw, 18px);&#8221; locked=&#8221;off&#8221; global_colors_info=&#8221;{}&#8221; sticky_enabled=&#8221;0&#8243;]<\/p>\n<p>Have you ever wondered why you're still so far away from your retirement goals?<\/p>\n<p>It might not be a surprise to discover that billionaires such as Warren Buffett have made their fortunes using simple strategies anyone can copy\u2014if they know what those strategies are and how to use them.<\/p>\n<p>If you\u2019d like to learn how you can do the same thing with as little as $2,000, this may be the most important financial book you ever read. <\/p>\n<p>[\/et_pb_text][et_pb_button button_url=&#8221;https:\/\/yv932.isrefer.com\/go\/rdngpo6\/rdn\/&#8221; url_new_window=&#8221;on&#8221; button_text=&#8221;RECEIVE YOUR FREE COPY NOW!&#8221; button_alignment=&#8221;left&#8221; button_alignment_tablet=&#8221;center&#8221; button_alignment_phone=&#8221;center&#8221; button_alignment_last_edited=&#8221;on|tablet&#8221; _builder_version=&#8221;4.24.0&#8243; _module_preset=&#8221;2a8a8ae4-d20a-4d80-a6eb-a4124f71fa88&#8243; button_border_width=&#8221;2px&#8221; button_border_color=&#8221;#E02B20&#8243; custom_margin=&#8221;50px||||false|false&#8221; custom_margin_tablet=&#8221;50px||||false|false&#8221; custom_margin_phone=&#8221;50px||||false|false&#8221; custom_margin_last_edited=&#8221;on|desktop&#8221; custom_padding=&#8221;15px|30px|15px|30px|true|true&#8221; custom_padding_tablet=&#8221;15px|30px|15px|30px|true|true&#8221; custom_padding_phone=&#8221;15px|10px|15px|10px|true|true&#8221; custom_padding_last_edited=&#8221;on|phone&#8221; locked=&#8221;off&#8221; global_colors_info=&#8221;{}&#8221; button_bg_enable_color__hover=&#8221;on&#8221;][\/et_pb_button][\/et_pb_column][\/et_pb_row][\/et_pb_section][et_pb_section fb_built=&#8221;1&#8243; _builder_version=&#8221;4.24.0&#8243; _module_preset=&#8221;default&#8221; da_disable_devices=&#8221;off|off|off&#8221; global_colors_info=&#8221;{}&#8221; da_is_popup=&#8221;off&#8221; da_exit_intent=&#8221;off&#8221; da_has_close=&#8221;on&#8221; da_alt_close=&#8221;off&#8221; da_dark_close=&#8221;off&#8221; da_not_modal=&#8221;on&#8221; da_is_singular=&#8221;off&#8221; da_with_loader=&#8221;off&#8221; da_has_shadow=&#8221;on&#8221;][et_pb_row _builder_version=&#8221;4.24.0&#8243; _module_preset=&#8221;default&#8221; global_colors_info=&#8221;{}&#8221;][et_pb_column type=&#8221;4_4&#8243; _builder_version=&#8221;4.24.0&#8243; _module_preset=&#8221;default&#8221; global_colors_info=&#8221;{}&#8221;][et_pb_image src=&#8221;https:\/\/thecashflowacademy.com\/wp-content\/uploads\/2024\/02\/CFA-horizontal-name-tag-full-1536&#215;358-1.png&#8221; title_text=&#8221;CFA-horizontal-name-tag-full-1536&#215;358&#8243; align=&#8221;center&#8221; _builder_version=&#8221;4.24.0&#8243; _module_preset=&#8221;default&#8221; width=&#8221;53%&#8221; width_tablet=&#8221;60%&#8221; width_phone=&#8221;60%&#8221; width_last_edited=&#8221;on|phone&#8221; global_colors_info=&#8221;{}&#8221;][\/et_pb_image][et_pb_text _builder_version=&#8221;4.24.0&#8243; _module_preset=&#8221;default&#8221; text_text_color=&#8221;gcid-869f4c9d-6bb0-4a5e-ae84-784939b37d36&#8243; text_font_size=&#8221;16px&#8221; text_orientation=&#8221;center&#8221; hover_enabled=&#8221;0&#8243; text_font_size_tablet=&#8221;14px&#8221; text_font_size_phone=&#8221;14px&#8221; text_font_size_last_edited=&#8221;on|tablet&#8221; global_colors_info=&#8221;{%22gcid-869f4c9d-6bb0-4a5e-ae84-784939b37d36%22:%91%22text_text_color%22%93}&#8221; sticky_enabled=&#8221;0&#8243;]<\/p>\n<p>\nTanner Training LLC is providing this training and any related materials (including newsletters, blog posts, and other communications) for educational purposes only. We are not providing legal, accounting, or financial advisory services, and this is not a solicitation or recommendation to buy or sell any stocks, options, or other financial instruments or investments. Examples that address specific assets, stocks, options, or transactions are for illustrative purposes only and may not represent specific trades or transactions that we have conducted. In fact, we may use examples that are different or the opposite of transactions we have conducted or positions we hold. This training is also not intended as a solicitation for any future relationship, business or otherwise, between the students or participants and the trainer. No express or implied warranties are being made with respect to these services and products. All investing and trading in the securities markets involves risk. Any decision to place trades in the financial markets, including trading in stock or options, is a personal decision that should only be made after thorough research, including a personal risk and financial assessment, and the engagement of professional assistance to the extent you believe necessary.<\/p>\n<p>[\/et_pb_text][\/et_pb_column][\/et_pb_row][\/et_pb_section]<\/p>\n","protected":false},"excerpt":{"rendered":"<p>TIME-SENSITIVE INFORMATION \u2013 WATCH IMMEDIATELY FROM RICH DAD EXPERT ANDY TANNERHere&#8217;s Your Free Video Training with aNew Cash Flow Stock StrategyIf you enjoyed this brief lesson, you can now get Andy\u2019s NEW BOOK\u2014wherein you\u2019ll find even more information about this powerful new concept that can transform your life now and in retirement\u2014FREE for a limited [&hellip;]<\/p>\n","protected":false},"author":16,"featured_media":0,"parent":0,"menu_order":0,"comment_status":"closed","ping_status":"closed","template":"","meta":{"_acf_changed":false,"_et_pb_use_builder":"on","_et_pb_old_content":"","_et_gb_content_width":"","footnotes":""},"folder":[],"class_list":["post-37459","page","type-page","status-publish","hentry"],"acf":[],"yoast_head":"<!-- This site is optimized with the Yoast SEO plugin v27.0 - https:\/\/yoast.com\/product\/yoast-seo-wordpress\/ -->\n<title>RD Newsletter Video Lesson - The Cash Flow Academy<\/title>\n<meta name=\"robots\" content=\"index, follow, max-snippet:-1, max-image-preview:large, max-video-preview:-1\" \/>\n<link rel=\"canonical\" href=\"https:\/\/thecashflowacademy.com\/es\/rd-newsletter-video-lesson\/\" \/>\n<meta property=\"og:locale\" content=\"es_ES\" \/>\n<meta property=\"og:type\" content=\"article\" \/>\n<meta property=\"og:title\" content=\"RD Newsletter Video Lesson - The Cash Flow Academy\" \/>\n<meta property=\"og:description\" content=\"TIME-SENSITIVE INFORMATION \u2013 WATCH IMMEDIATELY FROM RICH DAD EXPERT ANDY TANNERHere&#039;s Your Free Video Training with aNew Cash Flow Stock StrategyIf you enjoyed this brief lesson, you can now get Andy\u2019s NEW BOOK\u2014wherein you\u2019ll find even more information about this powerful new concept that can transform your life now and in retirement\u2014FREE for a limited [&hellip;]\" \/>\n<meta property=\"og:url\" content=\"https:\/\/thecashflowacademy.com\/es\/rd-newsletter-video-lesson\/\" \/>\n<meta property=\"og:site_name\" content=\"The Cash Flow Academy\" \/>\n<meta property=\"article:modified_time\" content=\"2024-02-20T14:09:36+00:00\" \/>\n<meta name=\"twitter:card\" content=\"summary_large_image\" \/>\n<meta name=\"twitter:label1\" content=\"Tiempo de lectura\" \/>\n\t<meta name=\"twitter:data1\" content=\"9 minutos\" \/>\n<script type=\"application\/ld+json\" class=\"yoast-schema-graph\">{\"@context\":\"https:\/\/schema.org\",\"@graph\":[{\"@type\":\"WebPage\",\"@id\":\"https:\/\/thecashflowacademy.com\/rd-newsletter-video-lesson\/\",\"url\":\"https:\/\/thecashflowacademy.com\/rd-newsletter-video-lesson\/\",\"name\":\"RD Newsletter Video Lesson - The Cash Flow Academy\",\"isPartOf\":{\"@id\":\"https:\/\/thecashflowacademy.com\/#website\"},\"datePublished\":\"2024-02-13T17:26:55+00:00\",\"dateModified\":\"2024-02-20T14:09:36+00:00\",\"breadcrumb\":{\"@id\":\"https:\/\/thecashflowacademy.com\/rd-newsletter-video-lesson\/#breadcrumb\"},\"inLanguage\":\"es\",\"potentialAction\":[{\"@type\":\"ReadAction\",\"target\":[\"https:\/\/thecashflowacademy.com\/rd-newsletter-video-lesson\/\"]}]},{\"@type\":\"BreadcrumbList\",\"@id\":\"https:\/\/thecashflowacademy.com\/rd-newsletter-video-lesson\/#breadcrumb\",\"itemListElement\":[{\"@type\":\"ListItem\",\"position\":1,\"name\":\"Home\",\"item\":\"https:\/\/thecashflowacademy.com\/\"},{\"@type\":\"ListItem\",\"position\":2,\"name\":\"RD Newsletter Video Lesson\"}]},{\"@type\":\"WebSite\",\"@id\":\"https:\/\/thecashflowacademy.com\/#website\",\"url\":\"https:\/\/thecashflowacademy.com\/\",\"name\":\"Cash Flow Academy\",\"description\":\"\",\"publisher\":{\"@id\":\"https:\/\/thecashflowacademy.com\/#organization\"},\"potentialAction\":[{\"@type\":\"SearchAction\",\"target\":{\"@type\":\"EntryPoint\",\"urlTemplate\":\"https:\/\/thecashflowacademy.com\/?s={search_term_string}\"},\"query-input\":{\"@type\":\"PropertyValueSpecification\",\"valueRequired\":true,\"valueName\":\"search_term_string\"}}],\"inLanguage\":\"es\"},{\"@type\":\"Organization\",\"@id\":\"https:\/\/thecashflowacademy.com\/#organization\",\"name\":\"Cash Flow Academy\",\"url\":\"https:\/\/thecashflowacademy.com\/\",\"logo\":{\"@type\":\"ImageObject\",\"inLanguage\":\"es\",\"@id\":\"https:\/\/thecashflowacademy.com\/#\/schema\/logo\/image\/\",\"url\":\"https:\/\/thecashflowacademy.com\/wp-content\/uploads\/2024\/02\/CFA-horizontal-name-tag-full-1536x358-1.png\",\"contentUrl\":\"https:\/\/thecashflowacademy.com\/wp-content\/uploads\/2024\/02\/CFA-horizontal-name-tag-full-1536x358-1.png\",\"width\":1536,\"height\":358,\"caption\":\"Cash Flow Academy\"},\"image\":{\"@id\":\"https:\/\/thecashflowacademy.com\/#\/schema\/logo\/image\/\"}}]}<\/script>\n<!-- \/ Yoast SEO plugin. -->","yoast_head_json":{"title":"RD Newsletter Video Lesson - The Cash Flow Academy","robots":{"index":"index","follow":"follow","max-snippet":"max-snippet:-1","max-image-preview":"max-image-preview:large","max-video-preview":"max-video-preview:-1"},"canonical":"https:\/\/thecashflowacademy.com\/es\/rd-newsletter-video-lesson\/","og_locale":"es_ES","og_type":"article","og_title":"RD Newsletter Video Lesson - The Cash Flow Academy","og_description":"TIME-SENSITIVE INFORMATION \u2013 WATCH IMMEDIATELY FROM RICH DAD EXPERT ANDY TANNERHere's Your Free Video Training with aNew Cash Flow Stock StrategyIf you enjoyed this brief lesson, you can now get Andy\u2019s NEW BOOK\u2014wherein you\u2019ll find even more information about this powerful new concept that can transform your life now and in retirement\u2014FREE for a limited [&hellip;]","og_url":"https:\/\/thecashflowacademy.com\/es\/rd-newsletter-video-lesson\/","og_site_name":"The Cash Flow Academy","article_modified_time":"2024-02-20T14:09:36+00:00","twitter_card":"summary_large_image","twitter_misc":{"Tiempo de lectura":"9 minutos"},"schema":{"@context":"https:\/\/schema.org","@graph":[{"@type":"WebPage","@id":"https:\/\/thecashflowacademy.com\/rd-newsletter-video-lesson\/","url":"https:\/\/thecashflowacademy.com\/rd-newsletter-video-lesson\/","name":"RD Newsletter Video Lesson - The Cash Flow Academy","isPartOf":{"@id":"https:\/\/thecashflowacademy.com\/#website"},"datePublished":"2024-02-13T17:26:55+00:00","dateModified":"2024-02-20T14:09:36+00:00","breadcrumb":{"@id":"https:\/\/thecashflowacademy.com\/rd-newsletter-video-lesson\/#breadcrumb"},"inLanguage":"es","potentialAction":[{"@type":"ReadAction","target":["https:\/\/thecashflowacademy.com\/rd-newsletter-video-lesson\/"]}]},{"@type":"BreadcrumbList","@id":"https:\/\/thecashflowacademy.com\/rd-newsletter-video-lesson\/#breadcrumb","itemListElement":[{"@type":"ListItem","position":1,"name":"Home","item":"https:\/\/thecashflowacademy.com\/"},{"@type":"ListItem","position":2,"name":"RD Newsletter Video Lesson"}]},{"@type":"WebSite","@id":"https:\/\/thecashflowacademy.com\/#website","url":"https:\/\/thecashflowacademy.com\/","name":"Academia de flujo de caja","description":"","publisher":{"@id":"https:\/\/thecashflowacademy.com\/#organization"},"potentialAction":[{"@type":"SearchAction","target":{"@type":"EntryPoint","urlTemplate":"https:\/\/thecashflowacademy.com\/?s={search_term_string}"},"query-input":{"@type":"PropertyValueSpecification","valueRequired":true,"valueName":"search_term_string"}}],"inLanguage":"es"},{"@type":"Organization","@id":"https:\/\/thecashflowacademy.com\/#organization","name":"Academia de flujo de caja","url":"https:\/\/thecashflowacademy.com\/","logo":{"@type":"ImageObject","inLanguage":"es","@id":"https:\/\/thecashflowacademy.com\/#\/schema\/logo\/image\/","url":"https:\/\/thecashflowacademy.com\/wp-content\/uploads\/2024\/02\/CFA-horizontal-name-tag-full-1536x358-1.png","contentUrl":"https:\/\/thecashflowacademy.com\/wp-content\/uploads\/2024\/02\/CFA-horizontal-name-tag-full-1536x358-1.png","width":1536,"height":358,"caption":"Cash Flow Academy"},"image":{"@id":"https:\/\/thecashflowacademy.com\/#\/schema\/logo\/image\/"}}]}},"_links":{"self":[{"href":"https:\/\/thecashflowacademy.com\/es\/wp-json\/wp\/v2\/pages\/37459","targetHints":{"allow":["GET"]}}],"collection":[{"href":"https:\/\/thecashflowacademy.com\/es\/wp-json\/wp\/v2\/pages"}],"about":[{"href":"https:\/\/thecashflowacademy.com\/es\/wp-json\/wp\/v2\/types\/page"}],"author":[{"embeddable":true,"href":"https:\/\/thecashflowacademy.com\/es\/wp-json\/wp\/v2\/users\/16"}],"replies":[{"embeddable":true,"href":"https:\/\/thecashflowacademy.com\/es\/wp-json\/wp\/v2\/comments?post=37459"}],"version-history":[{"count":9,"href":"https:\/\/thecashflowacademy.com\/es\/wp-json\/wp\/v2\/pages\/37459\/revisions"}],"predecessor-version":[{"id":37838,"href":"https:\/\/thecashflowacademy.com\/es\/wp-json\/wp\/v2\/pages\/37459\/revisions\/37838"}],"wp:attachment":[{"href":"https:\/\/thecashflowacademy.com\/es\/wp-json\/wp\/v2\/media?parent=37459"}],"wp:term":[{"taxonomy":"folder","embeddable":true,"href":"https:\/\/thecashflowacademy.com\/es\/wp-json\/wp\/v2\/folder?post=37459"}],"curies":[{"name":"wp","href":"https:\/\/api.w.org\/{rel}","templated":true}]}}